{"id":1018,"date":"2022-07-13T12:24:18","date_gmt":"2022-07-13T10:24:18","guid":{"rendered":"https:\/\/brettyshine.com\/?post_type=product&#038;p=1018"},"modified":"2024-12-12T07:38:58","modified_gmt":"2024-12-12T06:38:58","slug":"tour-de-taille-wiast-wrap","status":"publish","type":"product","link":"https:\/\/brettyshine.com\/?product=tour-de-taille-wiast-wrap","title":{"rendered":"Tour de Taille\/ Wiast Wrap"},"content":{"rendered":"<p>Boucle de taille pour contr\u00f4le du ventre. De haute qualit\u00e9, imperm\u00e9able, sans couture, invisible, resistant et ajustable pour une compression d\u00e9sir\u00e9. vous aide pour la perte du poids, ventre tondeuse, et contr\u00f4le de la taille. La sangle est tiss\u00e9 \u00e0 partir de fil de polyester de haute qualit\u00e9 et de fil de latex naturel. Le mat\u00e9riau\u00a0 est \u00e9cologique, la texture est finie et l&rsquo;\u00e9lasticit\u00e9 et la resilience sont excellentes. Il fournit un fort effet plaistifiant pour votre taille et votre abdomen, creant une silhouette de sablier parfaite. La qualit\u00e9\u00a0 du bandage est garantie et la dur\u00e9e de vie est longue. Le bandage peut augmenter les calories dans la taille et l&rsquo;abdomen stimuler,acc\u00e9l\u00e9rer la combustion de la graisse abdominale et \u00e9liminer facilement le ventre.<\/p>\n","protected":false},"excerpt":{"rendered":"<p>Boucle de taille pour contr\u00f4le du ventre. De haute qualit\u00e9, imperm\u00e9able, sans couture, invisible, resistant et ajustable pour une compression d\u00e9sir\u00e9. vous aide pour la perte du poids, ventre tondeuse, et contr\u00f4le de la taille. La sangle est tiss\u00e9 \u00e0 partir de fil de polyester de haute qualit\u00e9 et de fil de latex naturel. Le mat\u00e9riau\u00a0 est \u00e9cologique, la texture est finie et l&rsquo;\u00e9lasticit\u00e9 et la resilience sont excellentes. Il fournit un fort effet plaistifiant pour votre taille et votre abdomen, creant une silhouette de sablier parfaite. La qualit\u00e9\u00a0 du bandage est garantie et la dur\u00e9e de vie est longue. Le bandage peut augmenter les calories dans la taille et l&rsquo;abdomen stimuler,acc\u00e9l\u00e9rer la combustion de la graisse abdominale et \u00e9liminer facilement le ventre.<\/p>\n","protected":false},"featured_media":523,"comment_status":"open","ping_status":"closed","template":"","meta":{"om_disable_all_campaigns":false,"_monsterinsights_skip_tracking":false,"_monsterinsights_sitenote_active":false,"_monsterinsights_sitenote_note":"","_monsterinsights_sitenote_category":0,"site-sidebar-layout":"default","site-content-layout":"default","ast-global-header-display":"","ast-main-header-display":"","ast-hfb-above-header-display":"","ast-hfb-below-header-display":"","ast-hfb-mobile-header-display":"","site-post-title":"","ast-breadcrumbs-content":"","ast-featured-img":"","footer-sml-layout":"","theme-transparent-header-meta":"default","adv-header-id-meta":"","stick-header-meta":"","header-above-stick-meta":"","header-main-stick-meta":"","header-below-stick-meta":""},"product_cat":[23],"product_tag":[],"class_list":{"0":"post-1018","1":"product","2":"type-product","3":"status-publish","4":"has-post-thumbnail","6":"product_cat-gaines","8":"first","9":"instock","10":"shipping-taxable","11":"purchasable","12":"product-type-simple"},"aioseo_notices":[],"_links":{"self":[{"href":"https:\/\/brettyshine.com\/index.php?rest_route=\/wp\/v2\/product\/1018","targetHints":{"allow":["GET"]}}],"collection":[{"href":"https:\/\/brettyshine.com\/index.php?rest_route=\/wp\/v2\/product"}],"about":[{"href":"https:\/\/brettyshine.com\/index.php?rest_route=\/wp\/v2\/types\/product"}],"replies":[{"embeddable":true,"href":"https:\/\/brettyshine.com\/index.php?rest_route=%2Fwp%2Fv2%2Fcomments&post=1018"}],"wp:featuredmedia":[{"embeddable":true,"href":"https:\/\/brettyshine.com\/index.php?rest_route=\/wp\/v2\/media\/523"}],"wp:attachment":[{"href":"https:\/\/brettyshine.com\/index.php?rest_route=%2Fwp%2Fv2%2Fmedia&parent=1018"}],"wp:term":[{"taxonomy":"product_cat","embeddable":true,"href":"https:\/\/brettyshine.com\/index.php?rest_route=%2Fwp%2Fv2%2Fproduct_cat&post=1018"},{"taxonomy":"product_tag","embeddable":true,"href":"https:\/\/brettyshine.com\/index.php?rest_route=%2Fwp%2Fv2%2Fproduct_tag&post=1018"}],"curies":[{"name":"wp","href":"https:\/\/api.w.org\/{rel}","templated":true}]}}