{"id":1029,"date":"2022-07-13T21:11:09","date_gmt":"2022-07-13T19:11:09","guid":{"rendered":"https:\/\/brettyshine.com\/?post_type=product&#038;p=1029"},"modified":"2025-09-01T06:26:32","modified_gmt":"2025-09-01T04:26:32","slug":"gaine-amincissante","status":"publish","type":"product","link":"https:\/\/brettyshine.com\/?product=gaine-amincissante","title":{"rendered":"Gaine amincissante"},"content":{"rendered":"<p>Coupe-ventre amincissant \u00e0 compression et \u00e0 sangles d\u00e9tachable, contr\u00f4le de la taille, et levage des fesses pour un charmant forme du corp. la colle de chute emp\u00eache le roulement de bord consid\u00e9rablement. Trois couches de conception de l&rsquo;abdomen renforceront le contr\u00f4le\u00a0 du ventre.<\/p>\n","protected":false},"excerpt":{"rendered":"<p><!--more-->Coupe-ventre amincissant \u00e0 compression et \u00e0 sangles d\u00e9tachable, contr\u00f4le de la taille, et levage des fesses pour un charmant forme du corp. la colle de chute emp\u00eache le roulement de bord consid\u00e9rablement. Trois couches de conception de l&rsquo;abdomen renforceront le contr\u00f4le\u00a0 du ventre.<\/p>\n","protected":false},"featured_media":1033,"comment_status":"open","ping_status":"closed","template":"","meta":{"om_disable_all_campaigns":false,"_monsterinsights_skip_tracking":false,"_monsterinsights_sitenote_active":false,"_monsterinsights_sitenote_note":"","_monsterinsights_sitenote_category":0,"site-sidebar-layout":"default","site-content-layout":"default","ast-global-header-display":"","ast-main-header-display":"","ast-hfb-above-header-display":"","ast-hfb-below-header-display":"","ast-hfb-mobile-header-display":"","site-post-title":"","ast-breadcrumbs-content":"","ast-featured-img":"","footer-sml-layout":"","theme-transparent-header-meta":"default","adv-header-id-meta":"","stick-header-meta":"","header-above-stick-meta":"","header-main-stick-meta":"","header-below-stick-meta":""},"product_cat":[23],"product_tag":[],"class_list":{"0":"post-1029","1":"product","2":"type-product","3":"status-publish","4":"has-post-thumbnail","6":"product_cat-gaines","8":"first","9":"instock","10":"shipping-taxable","11":"purchasable","12":"product-type-variable"},"aioseo_notices":[],"_links":{"self":[{"href":"https:\/\/brettyshine.com\/index.php?rest_route=\/wp\/v2\/product\/1029","targetHints":{"allow":["GET"]}}],"collection":[{"href":"https:\/\/brettyshine.com\/index.php?rest_route=\/wp\/v2\/product"}],"about":[{"href":"https:\/\/brettyshine.com\/index.php?rest_route=\/wp\/v2\/types\/product"}],"replies":[{"embeddable":true,"href":"https:\/\/brettyshine.com\/index.php?rest_route=%2Fwp%2Fv2%2Fcomments&post=1029"}],"wp:featuredmedia":[{"embeddable":true,"href":"https:\/\/brettyshine.com\/index.php?rest_route=\/wp\/v2\/media\/1033"}],"wp:attachment":[{"href":"https:\/\/brettyshine.com\/index.php?rest_route=%2Fwp%2Fv2%2Fmedia&parent=1029"}],"wp:term":[{"taxonomy":"product_cat","embeddable":true,"href":"https:\/\/brettyshine.com\/index.php?rest_route=%2Fwp%2Fv2%2Fproduct_cat&post=1029"},{"taxonomy":"product_tag","embeddable":true,"href":"https:\/\/brettyshine.com\/index.php?rest_route=%2Fwp%2Fv2%2Fproduct_tag&post=1029"}],"curies":[{"name":"wp","href":"https:\/\/api.w.org\/{rel}","templated":true}]}}