{"id":1038,"date":"2022-07-13T22:59:53","date_gmt":"2022-07-13T20:59:53","guid":{"rendered":"https:\/\/brettyshine.com\/?post_type=product&#038;p=1038"},"modified":"2025-10-13T22:34:20","modified_gmt":"2025-10-13T20:34:20","slug":"body-gainant-sans-couture","status":"publish","type":"product","link":"https:\/\/brettyshine.com\/?product=body-gainant-sans-couture","title":{"rendered":"Body Gainant sans couture"},"content":{"rendered":"<p>Body moulant sans couture, haute \u00e9lasticit\u00e9 et compression mod\u00e9r\u00e9. Doux pour la peau, respirant,absorbant et rafra\u00eechissant toute la journ\u00e9e. Tissu \u00e0 double couche pr\u00e8s\u00a0 du ventre et de la cuisse pour le\u00a0 contr\u00f4le cibl\u00e9 du ventre et l&rsquo;amincissement des jambes, r\u00e9duisant l&rsquo;accumulationde graisse. La taille haute fournit un soutien du dos et un correcteur de posture, soulageant les maux de dos. Look courb\u00e9 pour contr\u00f4le localis\u00e9 et mod\u00e9r\u00e9 dans la hanche pour am\u00e9liorer le levage des fesses pour contourner les courbes du corp sexy. Con\u00e7u avec un buste ouvert pour un bon soutien de la poitrine et des sangles r\u00e9glables pour eviter le d\u00e9filement\u00a0 et la chute lors des d\u00e9placements. Gousset ouvert pour plus de commodit\u00e9 lorsque la nature appelle.<\/p>\n","protected":false},"excerpt":{"rendered":"<p>Body moulant sans couture, haute \u00e9lasticit\u00e9 et compression mod\u00e9r\u00e9. Doux pour la peau, respirant,absorbant et rafra\u00eechissant toute la journ\u00e9e. Tissu \u00e0 double couche pr\u00e8s\u00a0 du ventre et de la cuisse pour le\u00a0 contr\u00f4le cibl\u00e9 du ventre et l&rsquo;amincissement des jambes, r\u00e9duisant l&rsquo;accumulationde graisse. La taille haute fournit un soutien du dos et un correcteur de posture, soulageant les maux de dos. Look courb\u00e9 pour contr\u00f4le localis\u00e9 et mod\u00e9r\u00e9 dans la hanche pour am\u00e9liorer le levage des fesses pour contourner les courbes du corp sexy. Con\u00e7u avec un buste ouvert pour un bon soutien de la poitrine et des sangles r\u00e9glables pour eviter le d\u00e9filement\u00a0 et la chute lors des d\u00e9placements. Gousset ouvert pour plus de commodit\u00e9 lorsque la nature appelle.<\/p>\n","protected":false},"featured_media":1049,"comment_status":"open","ping_status":"closed","template":"","meta":{"om_disable_all_campaigns":false,"_monsterinsights_skip_tracking":false,"_monsterinsights_sitenote_active":false,"_monsterinsights_sitenote_note":"","_monsterinsights_sitenote_category":0,"site-sidebar-layout":"default","site-content-layout":"default","ast-global-header-display":"","ast-main-header-display":"","ast-hfb-above-header-display":"","ast-hfb-below-header-display":"","ast-hfb-mobile-header-display":"","site-post-title":"","ast-breadcrumbs-content":"","ast-featured-img":"","footer-sml-layout":"","theme-transparent-header-meta":"default","adv-header-id-meta":"","stick-header-meta":"","header-above-stick-meta":"","header-main-stick-meta":"","header-below-stick-meta":""},"product_cat":[23],"product_tag":[],"class_list":{"0":"post-1038","1":"product","2":"type-product","3":"status-publish","4":"has-post-thumbnail","6":"product_cat-gaines","8":"first","9":"instock","10":"shipping-taxable","11":"purchasable","12":"product-type-variable"},"aioseo_notices":[],"_links":{"self":[{"href":"https:\/\/brettyshine.com\/index.php?rest_route=\/wp\/v2\/product\/1038","targetHints":{"allow":["GET"]}}],"collection":[{"href":"https:\/\/brettyshine.com\/index.php?rest_route=\/wp\/v2\/product"}],"about":[{"href":"https:\/\/brettyshine.com\/index.php?rest_route=\/wp\/v2\/types\/product"}],"replies":[{"embeddable":true,"href":"https:\/\/brettyshine.com\/index.php?rest_route=%2Fwp%2Fv2%2Fcomments&post=1038"}],"wp:featuredmedia":[{"embeddable":true,"href":"https:\/\/brettyshine.com\/index.php?rest_route=\/wp\/v2\/media\/1049"}],"wp:attachment":[{"href":"https:\/\/brettyshine.com\/index.php?rest_route=%2Fwp%2Fv2%2Fmedia&parent=1038"}],"wp:term":[{"taxonomy":"product_cat","embeddable":true,"href":"https:\/\/brettyshine.com\/index.php?rest_route=%2Fwp%2Fv2%2Fproduct_cat&post=1038"},{"taxonomy":"product_tag","embeddable":true,"href":"https:\/\/brettyshine.com\/index.php?rest_route=%2Fwp%2Fv2%2Fproduct_tag&post=1038"}],"curies":[{"name":"wp","href":"https:\/\/api.w.org\/{rel}","templated":true}]}}