{"id":1051,"date":"2022-07-14T03:45:13","date_gmt":"2022-07-14T01:45:13","guid":{"rendered":"https:\/\/brettyshine.com\/?post_type=product&#038;p=1051"},"modified":"2025-10-06T18:16:45","modified_gmt":"2025-10-06T16:16:45","slug":"combinaison-amincissante","status":"publish","type":"product","link":"https:\/\/brettyshine.com\/?product=combinaison-amincissante","title":{"rendered":"Combinaison Amincissante"},"content":{"rendered":"<p>Body amincissant, taille haute, contr\u00f4le\u00a0 du corp complet. Col avant en forme de U con\u00e7u pour soutenir la poitrine et r\u00e9duire les renflements des aisselles. Il est \u00e0\u00a0 trois couches au niveau de l&rsquo;abdomen pour renforcer le contr\u00f4le de l&rsquo;abdomen. Les manches utilisent un tissu hautement \u00e9lastique\u00a0 pour fa\u00e7onner efficacement les bras. Une ouverture discr\u00e8te entre les jambes pour une utilisation facile lors de l&rsquo;utilisation des toilettes.<\/p>\n","protected":false},"excerpt":{"rendered":"<p>Body amincissant, taille haute, contr\u00f4le\u00a0 du corp complet. Col avant en forme de U con\u00e7u pour soutenir la poitrine et r\u00e9duire les renflements des aisselles. Il est \u00e0\u00a0 trois couches au niveau de l&rsquo;abdomen pour renforcer le contr\u00f4le de l&rsquo;abdomen. Les manches utilisent un tissu hautement \u00e9lastique\u00a0 pour fa\u00e7onner efficacement les bras. Une ouverture discr\u00e8te entre les jambes pour une utilisation facile lors de l&rsquo;utilisation des toilettes.<\/p>\n","protected":false},"featured_media":1060,"comment_status":"open","ping_status":"closed","template":"","meta":{"om_disable_all_campaigns":false,"_monsterinsights_skip_tracking":false,"_monsterinsights_sitenote_active":false,"_monsterinsights_sitenote_note":"","_monsterinsights_sitenote_category":0,"site-sidebar-layout":"default","site-content-layout":"default","ast-global-header-display":"","ast-main-header-display":"","ast-hfb-above-header-display":"","ast-hfb-below-header-display":"","ast-hfb-mobile-header-display":"","site-post-title":"","ast-breadcrumbs-content":"","ast-featured-img":"","footer-sml-layout":"","theme-transparent-header-meta":"default","adv-header-id-meta":"","stick-header-meta":"","header-above-stick-meta":"","header-main-stick-meta":"","header-below-stick-meta":""},"product_cat":[23],"product_tag":[],"class_list":{"0":"post-1051","1":"product","2":"type-product","3":"status-publish","4":"has-post-thumbnail","6":"product_cat-gaines","8":"first","9":"instock","10":"shipping-taxable","11":"purchasable","12":"product-type-variable"},"aioseo_notices":[],"_links":{"self":[{"href":"https:\/\/brettyshine.com\/index.php?rest_route=\/wp\/v2\/product\/1051","targetHints":{"allow":["GET"]}}],"collection":[{"href":"https:\/\/brettyshine.com\/index.php?rest_route=\/wp\/v2\/product"}],"about":[{"href":"https:\/\/brettyshine.com\/index.php?rest_route=\/wp\/v2\/types\/product"}],"replies":[{"embeddable":true,"href":"https:\/\/brettyshine.com\/index.php?rest_route=%2Fwp%2Fv2%2Fcomments&post=1051"}],"wp:featuredmedia":[{"embeddable":true,"href":"https:\/\/brettyshine.com\/index.php?rest_route=\/wp\/v2\/media\/1060"}],"wp:attachment":[{"href":"https:\/\/brettyshine.com\/index.php?rest_route=%2Fwp%2Fv2%2Fmedia&parent=1051"}],"wp:term":[{"taxonomy":"product_cat","embeddable":true,"href":"https:\/\/brettyshine.com\/index.php?rest_route=%2Fwp%2Fv2%2Fproduct_cat&post=1051"},{"taxonomy":"product_tag","embeddable":true,"href":"https:\/\/brettyshine.com\/index.php?rest_route=%2Fwp%2Fv2%2Fproduct_tag&post=1051"}],"curies":[{"name":"wp","href":"https:\/\/api.w.org\/{rel}","templated":true}]}}