{"id":1063,"date":"2022-07-14T05:01:25","date_gmt":"2022-07-14T03:01:25","guid":{"rendered":"https:\/\/brettyshine.com\/?post_type=product&#038;p=1063"},"modified":"2025-10-06T18:15:57","modified_gmt":"2025-10-06T16:15:57","slug":"body-gainant","status":"publish","type":"product","link":"https:\/\/brettyshine.com\/?product=body-gainant","title":{"rendered":"Body Gainant"},"content":{"rendered":"<p>Body fa\u00e7onnant, v\u00eatements de forme de spandex de contr\u00f4le de ventre de taille haute de compression de corp. Les sangles d\u00e9tachables sont faciles \u00e0 enlever, la colle de chute emp\u00eache le roulement de bord consid\u00e9rablement. Trois couches de conception de l&rsquo;abdomen renforceront le contr\u00f4le\u00a0 du ventre.<\/p>\n","protected":false},"excerpt":{"rendered":"<p>Body fa\u00e7onnant, v\u00eatements de forme de spandex de contr\u00f4le de ventre de taille haute de compression de corp. Les sangles d\u00e9tachables sont faciles \u00e0 enlever, la colle de chute emp\u00eache le roulement de bord consid\u00e9rablement. Trois couches de conception de l&rsquo;abdomen renforcerontle contr\u00f4le\u00a0 du ventre.<\/p>\n","protected":false},"featured_media":524,"comment_status":"open","ping_status":"closed","template":"","meta":{"om_disable_all_campaigns":false,"_monsterinsights_skip_tracking":false,"_monsterinsights_sitenote_active":false,"_monsterinsights_sitenote_note":"","_monsterinsights_sitenote_category":0,"site-sidebar-layout":"default","site-content-layout":"default","ast-global-header-display":"","ast-main-header-display":"","ast-hfb-above-header-display":"","ast-hfb-below-header-display":"","ast-hfb-mobile-header-display":"","site-post-title":"","ast-breadcrumbs-content":"","ast-featured-img":"","footer-sml-layout":"","theme-transparent-header-meta":"default","adv-header-id-meta":"","stick-header-meta":"","header-above-stick-meta":"","header-main-stick-meta":"","header-below-stick-meta":""},"product_cat":[23],"product_tag":[],"class_list":{"0":"post-1063","1":"product","2":"type-product","3":"status-publish","4":"has-post-thumbnail","6":"product_cat-gaines","8":"first","9":"instock","10":"shipping-taxable","11":"purchasable","12":"product-type-variable"},"aioseo_notices":[],"_links":{"self":[{"href":"https:\/\/brettyshine.com\/index.php?rest_route=\/wp\/v2\/product\/1063","targetHints":{"allow":["GET"]}}],"collection":[{"href":"https:\/\/brettyshine.com\/index.php?rest_route=\/wp\/v2\/product"}],"about":[{"href":"https:\/\/brettyshine.com\/index.php?rest_route=\/wp\/v2\/types\/product"}],"replies":[{"embeddable":true,"href":"https:\/\/brettyshine.com\/index.php?rest_route=%2Fwp%2Fv2%2Fcomments&post=1063"}],"wp:featuredmedia":[{"embeddable":true,"href":"https:\/\/brettyshine.com\/index.php?rest_route=\/wp\/v2\/media\/524"}],"wp:attachment":[{"href":"https:\/\/brettyshine.com\/index.php?rest_route=%2Fwp%2Fv2%2Fmedia&parent=1063"}],"wp:term":[{"taxonomy":"product_cat","embeddable":true,"href":"https:\/\/brettyshine.com\/index.php?rest_route=%2Fwp%2Fv2%2Fproduct_cat&post=1063"},{"taxonomy":"product_tag","embeddable":true,"href":"https:\/\/brettyshine.com\/index.php?rest_route=%2Fwp%2Fv2%2Fproduct_tag&post=1063"}],"curies":[{"name":"wp","href":"https:\/\/api.w.org\/{rel}","templated":true}]}}