{"id":674,"date":"2022-06-28T05:51:45","date_gmt":"2022-06-28T03:51:45","guid":{"rendered":"https:\/\/brettyshine.com\/?post_type=product&#038;p=674"},"modified":"2023-01-06T00:37:00","modified_gmt":"2023-01-05T23:37:00","slug":"kit-dinstallation-perruque","status":"publish","type":"product","link":"https:\/\/brettyshine.com\/?product=kit-dinstallation-perruque","title":{"rendered":"Kit d&rsquo;installation perruque"},"content":{"rendered":"<p>Kit complet formul\u00e9 pour repondre aux besoins sp\u00e9cifiques en mati\u00e8re de perruque. Il est constitu\u00e9\u00a0 d&rsquo;un ensemble 08( huit) produits capillaires. Gel contr\u00f4le de bord, mousse \u00e0 carnation tuile, mousse capillaire, b\u00e2ton de cire, dissolvant \u00e0 colle, stylo \u00e0 colle, colle \u00e0 tuile et brosse a polissage de bord.<\/p>\n","protected":false},"excerpt":{"rendered":"<p>Kit complet formul\u00e9 pour repondre aux besoins sp\u00e9cifiques en mati\u00e8re de perruque. Il est constitu\u00e9\u00a0 d&rsquo;un ensemble 08( huit) produits capillaires. Gel contr\u00f4le de bord, mousse \u00e0 carnation tuile, mousse capillaire, b\u00e2ton de cire, dissolvant \u00e0 colle, stylo \u00e0 colle, colle \u00e0 tuile et brosse a polissage de bord.<\/p>\n","protected":false},"featured_media":976,"comment_status":"open","ping_status":"closed","template":"","meta":{"om_disable_all_campaigns":false,"_monsterinsights_skip_tracking":false,"_monsterinsights_sitenote_active":false,"_monsterinsights_sitenote_note":"","_monsterinsights_sitenote_category":0,"site-sidebar-layout":"default","site-content-layout":"default","ast-global-header-display":"","ast-main-header-display":"","ast-hfb-above-header-display":"","ast-hfb-below-header-display":"","ast-hfb-mobile-header-display":"","site-post-title":"","ast-breadcrumbs-content":"","ast-featured-img":"","footer-sml-layout":"","theme-transparent-header-meta":"default","adv-header-id-meta":"","stick-header-meta":"","header-above-stick-meta":"","header-main-stick-meta":"","header-below-stick-meta":""},"product_cat":[33],"product_tag":[],"class_list":{"0":"post-674","1":"product","2":"type-product","3":"status-publish","4":"has-post-thumbnail","6":"product_cat-kit_installation_perruques","8":"first","9":"instock","10":"shipping-taxable","11":"purchasable","12":"product-type-variable"},"aioseo_notices":[],"_links":{"self":[{"href":"https:\/\/brettyshine.com\/index.php?rest_route=\/wp\/v2\/product\/674","targetHints":{"allow":["GET"]}}],"collection":[{"href":"https:\/\/brettyshine.com\/index.php?rest_route=\/wp\/v2\/product"}],"about":[{"href":"https:\/\/brettyshine.com\/index.php?rest_route=\/wp\/v2\/types\/product"}],"replies":[{"embeddable":true,"href":"https:\/\/brettyshine.com\/index.php?rest_route=%2Fwp%2Fv2%2Fcomments&post=674"}],"wp:featuredmedia":[{"embeddable":true,"href":"https:\/\/brettyshine.com\/index.php?rest_route=\/wp\/v2\/media\/976"}],"wp:attachment":[{"href":"https:\/\/brettyshine.com\/index.php?rest_route=%2Fwp%2Fv2%2Fmedia&parent=674"}],"wp:term":[{"taxonomy":"product_cat","embeddable":true,"href":"https:\/\/brettyshine.com\/index.php?rest_route=%2Fwp%2Fv2%2Fproduct_cat&post=674"},{"taxonomy":"product_tag","embeddable":true,"href":"https:\/\/brettyshine.com\/index.php?rest_route=%2Fwp%2Fv2%2Fproduct_tag&post=674"}],"curies":[{"name":"wp","href":"https:\/\/api.w.org\/{rel}","templated":true}]}}