{"id":679,"date":"2022-06-28T12:10:05","date_gmt":"2022-06-28T10:10:05","guid":{"rendered":"https:\/\/brettyshine.com\/?post_type=product&#038;p=679"},"modified":"2025-03-13T01:41:43","modified_gmt":"2025-03-13T00:41:43","slug":"mousse-capillaire","status":"publish","type":"product","link":"https:\/\/brettyshine.com\/?product=mousse-capillaire","title":{"rendered":"Mousse capillaire"},"content":{"rendered":"<p>Produit de qualit\u00e9 sup\u00e9rieure, elle aide au maintien de la sant\u00e9 de vos cheveux, en favorisant la pousse du cuticule pilleux, tout en hydratant \u00e0 fond. Emp\u00eache les frosottis et parfait pour la finalisation de vos diff\u00e9rentes conception.<\/p>\n","protected":false},"excerpt":{"rendered":"<p>Produit de qualit\u00e9 sup\u00e9rieure, elle aide au maintien de la sant\u00e9 de vos cheveux, en favorisant la pousse du cuticule pilleux, tout en hydratant \u00e0 fond. Emp\u00eache les frosottis et parfait pour la finalisation de vos diff\u00e9rentes conception.<\/p>\n","protected":false},"featured_media":440,"comment_status":"open","ping_status":"closed","template":"","meta":{"om_disable_all_campaigns":false,"_monsterinsights_skip_tracking":false,"_monsterinsights_sitenote_active":false,"_monsterinsights_sitenote_note":"","_monsterinsights_sitenote_category":0,"site-sidebar-layout":"default","site-content-layout":"default","ast-global-header-display":"","ast-main-header-display":"","ast-hfb-above-header-display":"","ast-hfb-below-header-display":"","ast-hfb-mobile-header-display":"","site-post-title":"","ast-breadcrumbs-content":"","ast-featured-img":"","footer-sml-layout":"","theme-transparent-header-meta":"default","adv-header-id-meta":"","stick-header-meta":"","header-above-stick-meta":"","header-main-stick-meta":"","header-below-stick-meta":""},"product_cat":[33],"product_tag":[],"class_list":{"0":"post-679","1":"product","2":"type-product","3":"status-publish","4":"has-post-thumbnail","6":"product_cat-kit_installation_perruques","8":"first","9":"instock","10":"shipping-taxable","11":"purchasable","12":"product-type-simple"},"aioseo_notices":[],"_links":{"self":[{"href":"https:\/\/brettyshine.com\/index.php?rest_route=\/wp\/v2\/product\/679","targetHints":{"allow":["GET"]}}],"collection":[{"href":"https:\/\/brettyshine.com\/index.php?rest_route=\/wp\/v2\/product"}],"about":[{"href":"https:\/\/brettyshine.com\/index.php?rest_route=\/wp\/v2\/types\/product"}],"replies":[{"embeddable":true,"href":"https:\/\/brettyshine.com\/index.php?rest_route=%2Fwp%2Fv2%2Fcomments&post=679"}],"wp:featuredmedia":[{"embeddable":true,"href":"https:\/\/brettyshine.com\/index.php?rest_route=\/wp\/v2\/media\/440"}],"wp:attachment":[{"href":"https:\/\/brettyshine.com\/index.php?rest_route=%2Fwp%2Fv2%2Fmedia&parent=679"}],"wp:term":[{"taxonomy":"product_cat","embeddable":true,"href":"https:\/\/brettyshine.com\/index.php?rest_route=%2Fwp%2Fv2%2Fproduct_cat&post=679"},{"taxonomy":"product_tag","embeddable":true,"href":"https:\/\/brettyshine.com\/index.php?rest_route=%2Fwp%2Fv2%2Fproduct_tag&post=679"}],"curies":[{"name":"wp","href":"https:\/\/api.w.org\/{rel}","templated":true}]}}