{"id":684,"date":"2022-06-28T12:29:05","date_gmt":"2022-06-28T10:29:05","guid":{"rendered":"https:\/\/brettyshine.com\/?post_type=product&#038;p=684"},"modified":"2024-12-12T07:39:58","modified_gmt":"2024-12-12T06:39:58","slug":"baton-de-cire","status":"publish","type":"product","link":"https:\/\/brettyshine.com\/?product=baton-de-cire","title":{"rendered":"B\u00e2ton de cire"},"content":{"rendered":"<p>De part sa texture non grasse, il est l&rsquo;alli\u00e9 incontournable pour le polissage et les finitions de vos coiffures. Super et longue tenue, elle ajoute de la brillance a vos cheveux, m\u00eame\u00a0 les plus ab\u00eem\u00e9 sans laisser de r\u00e9sidus blanch\u00e2tres.<\/p>\n","protected":false},"excerpt":{"rendered":"<p>De part sa texture non grasse, il est l&rsquo;alli\u00e9 incontournable pour le polissage et les finitions de vos coiffures. Super et longue tenue, elle ajoute de la brillance a vos cheveux, m\u00eame\u00a0 les plus ab\u00eem\u00e9 sans laisser de r\u00e9sidus blanch\u00e2tres.<\/p>\n","protected":false},"featured_media":318,"comment_status":"open","ping_status":"closed","template":"","meta":{"om_disable_all_campaigns":false,"_monsterinsights_skip_tracking":false,"_monsterinsights_sitenote_active":false,"_monsterinsights_sitenote_note":"","_monsterinsights_sitenote_category":0,"site-sidebar-layout":"default","site-content-layout":"default","ast-global-header-display":"","ast-main-header-display":"","ast-hfb-above-header-display":"","ast-hfb-below-header-display":"","ast-hfb-mobile-header-display":"","site-post-title":"","ast-breadcrumbs-content":"","ast-featured-img":"","footer-sml-layout":"","theme-transparent-header-meta":"default","adv-header-id-meta":"","stick-header-meta":"","header-above-stick-meta":"","header-main-stick-meta":"","header-below-stick-meta":""},"product_cat":[33],"product_tag":[],"class_list":{"0":"post-684","1":"product","2":"type-product","3":"status-publish","4":"has-post-thumbnail","6":"product_cat-kit_installation_perruques","8":"first","9":"instock","10":"shipping-taxable","11":"purchasable","12":"product-type-simple"},"aioseo_notices":[],"_links":{"self":[{"href":"https:\/\/brettyshine.com\/index.php?rest_route=\/wp\/v2\/product\/684","targetHints":{"allow":["GET"]}}],"collection":[{"href":"https:\/\/brettyshine.com\/index.php?rest_route=\/wp\/v2\/product"}],"about":[{"href":"https:\/\/brettyshine.com\/index.php?rest_route=\/wp\/v2\/types\/product"}],"replies":[{"embeddable":true,"href":"https:\/\/brettyshine.com\/index.php?rest_route=%2Fwp%2Fv2%2Fcomments&post=684"}],"wp:featuredmedia":[{"embeddable":true,"href":"https:\/\/brettyshine.com\/index.php?rest_route=\/wp\/v2\/media\/318"}],"wp:attachment":[{"href":"https:\/\/brettyshine.com\/index.php?rest_route=%2Fwp%2Fv2%2Fmedia&parent=684"}],"wp:term":[{"taxonomy":"product_cat","embeddable":true,"href":"https:\/\/brettyshine.com\/index.php?rest_route=%2Fwp%2Fv2%2Fproduct_cat&post=684"},{"taxonomy":"product_tag","embeddable":true,"href":"https:\/\/brettyshine.com\/index.php?rest_route=%2Fwp%2Fv2%2Fproduct_tag&post=684"}],"curies":[{"name":"wp","href":"https:\/\/api.w.org\/{rel}","templated":true}]}}