{"id":685,"date":"2022-06-28T12:39:58","date_gmt":"2022-06-28T10:39:58","guid":{"rendered":"https:\/\/brettyshine.com\/?post_type=product&#038;p=685"},"modified":"2024-12-12T07:38:48","modified_gmt":"2024-12-12T06:38:48","slug":"dissolvant-de-colle","status":"publish","type":"product","link":"https:\/\/brettyshine.com\/?product=dissolvant-de-colle","title":{"rendered":"Dissolvant de colle"},"content":{"rendered":"<p>Rapide et extr\u00eamement efficace, ce dissolvant est con\u00e7u pour d\u00e9coller en toute s\u00e9curit\u00e9 vos laces (soie ou dentelle) sans abimer les cheveux fragiles de vos bords de t\u00eate et sans agressivit\u00e9 sur la peau delicate de votre visage. il s&rsquo;utilise aussi efficacement sur vos tuiles lors de vos entretiens de routine.<\/p>\n","protected":false},"excerpt":{"rendered":"<p>Rapide et extr\u00eamement efficace, ce dissolvant est con\u00e7u pour d\u00e9coller en toute s\u00e9curit\u00e9 vos laces (soie ou dentelle) sans abimer les cheveux fragiles de vos bords de t\u00eate et sans agressivit\u00e9 sur la peau delicate de votre visage. il s&rsquo;utilise aussi efficacement sur vos tuiles lors de vos entretiens de routine.<\/p>\n","protected":false},"featured_media":346,"comment_status":"open","ping_status":"closed","template":"","meta":{"om_disable_all_campaigns":false,"_monsterinsights_skip_tracking":false,"_monsterinsights_sitenote_active":false,"_monsterinsights_sitenote_note":"","_monsterinsights_sitenote_category":0,"site-sidebar-layout":"default","site-content-layout":"default","ast-global-header-display":"","ast-main-header-display":"","ast-hfb-above-header-display":"","ast-hfb-below-header-display":"","ast-hfb-mobile-header-display":"","site-post-title":"","ast-breadcrumbs-content":"","ast-featured-img":"","footer-sml-layout":"","theme-transparent-header-meta":"default","adv-header-id-meta":"","stick-header-meta":"","header-above-stick-meta":"","header-main-stick-meta":"","header-below-stick-meta":""},"product_cat":[33],"product_tag":[],"class_list":{"0":"post-685","1":"product","2":"type-product","3":"status-publish","4":"has-post-thumbnail","6":"product_cat-kit_installation_perruques","8":"first","9":"instock","10":"shipping-taxable","11":"purchasable","12":"product-type-simple"},"aioseo_notices":[],"_links":{"self":[{"href":"https:\/\/brettyshine.com\/index.php?rest_route=\/wp\/v2\/product\/685","targetHints":{"allow":["GET"]}}],"collection":[{"href":"https:\/\/brettyshine.com\/index.php?rest_route=\/wp\/v2\/product"}],"about":[{"href":"https:\/\/brettyshine.com\/index.php?rest_route=\/wp\/v2\/types\/product"}],"replies":[{"embeddable":true,"href":"https:\/\/brettyshine.com\/index.php?rest_route=%2Fwp%2Fv2%2Fcomments&post=685"}],"wp:featuredmedia":[{"embeddable":true,"href":"https:\/\/brettyshine.com\/index.php?rest_route=\/wp\/v2\/media\/346"}],"wp:attachment":[{"href":"https:\/\/brettyshine.com\/index.php?rest_route=%2Fwp%2Fv2%2Fmedia&parent=685"}],"wp:term":[{"taxonomy":"product_cat","embeddable":true,"href":"https:\/\/brettyshine.com\/index.php?rest_route=%2Fwp%2Fv2%2Fproduct_cat&post=685"},{"taxonomy":"product_tag","embeddable":true,"href":"https:\/\/brettyshine.com\/index.php?rest_route=%2Fwp%2Fv2%2Fproduct_tag&post=685"}],"curies":[{"name":"wp","href":"https:\/\/api.w.org\/{rel}","templated":true}]}}