{"id":686,"date":"2022-06-28T12:48:23","date_gmt":"2022-06-28T10:48:23","guid":{"rendered":"https:\/\/brettyshine.com\/?post_type=product&#038;p=686"},"modified":"2023-07-17T19:16:48","modified_gmt":"2023-07-17T17:16:48","slug":"stylo-a-colle","status":"publish","type":"product","link":"https:\/\/brettyshine.com\/?product=stylo-a-colle","title":{"rendered":"Stylo \u00e0 colle"},"content":{"rendered":"<p>Facile d&rsquo;utilisation sur les tissu capillaires, ce stylo \u00e0 colle est d&rsquo;une utilit\u00e9 incontournable. L&rsquo;aisance de et la pr\u00e9cision dans son application fait de lui un alli\u00e9 de choix pour un aspect hyper naturel de vos lignes de cheveux et finitions.<\/p>\n","protected":false},"excerpt":{"rendered":"<p>Facile d&rsquo;utilisation sur les tissu capillaires, ce stylo \u00e0 colle est d&rsquo;une utilit\u00e9 incontournable. L&rsquo;aisance de et la pr\u00e9cision dans son application fait de lui un alli\u00e9 de choix pour un aspect hyper naturel de vos lignes de cheveux et finitions<\/p>\n","protected":false},"featured_media":966,"comment_status":"open","ping_status":"closed","template":"","meta":{"om_disable_all_campaigns":false,"_monsterinsights_skip_tracking":false,"_monsterinsights_sitenote_active":false,"_monsterinsights_sitenote_note":"","_monsterinsights_sitenote_category":0,"site-sidebar-layout":"default","site-content-layout":"default","ast-global-header-display":"","ast-main-header-display":"","ast-hfb-above-header-display":"","ast-hfb-below-header-display":"","ast-hfb-mobile-header-display":"","site-post-title":"","ast-breadcrumbs-content":"","ast-featured-img":"","footer-sml-layout":"","theme-transparent-header-meta":"default","adv-header-id-meta":"","stick-header-meta":"","header-above-stick-meta":"","header-main-stick-meta":"","header-below-stick-meta":""},"product_cat":[33],"product_tag":[],"class_list":{"0":"post-686","1":"product","2":"type-product","3":"status-publish","4":"has-post-thumbnail","6":"product_cat-kit_installation_perruques","8":"first","9":"onbackorder","10":"shipping-taxable","11":"purchasable","12":"product-type-simple"},"aioseo_notices":[],"_links":{"self":[{"href":"https:\/\/brettyshine.com\/index.php?rest_route=\/wp\/v2\/product\/686","targetHints":{"allow":["GET"]}}],"collection":[{"href":"https:\/\/brettyshine.com\/index.php?rest_route=\/wp\/v2\/product"}],"about":[{"href":"https:\/\/brettyshine.com\/index.php?rest_route=\/wp\/v2\/types\/product"}],"replies":[{"embeddable":true,"href":"https:\/\/brettyshine.com\/index.php?rest_route=%2Fwp%2Fv2%2Fcomments&post=686"}],"wp:featuredmedia":[{"embeddable":true,"href":"https:\/\/brettyshine.com\/index.php?rest_route=\/wp\/v2\/media\/966"}],"wp:attachment":[{"href":"https:\/\/brettyshine.com\/index.php?rest_route=%2Fwp%2Fv2%2Fmedia&parent=686"}],"wp:term":[{"taxonomy":"product_cat","embeddable":true,"href":"https:\/\/brettyshine.com\/index.php?rest_route=%2Fwp%2Fv2%2Fproduct_cat&post=686"},{"taxonomy":"product_tag","embeddable":true,"href":"https:\/\/brettyshine.com\/index.php?rest_route=%2Fwp%2Fv2%2Fproduct_tag&post=686"}],"curies":[{"name":"wp","href":"https:\/\/api.w.org\/{rel}","templated":true}]}}