{"id":689,"date":"2022-06-29T05:42:32","date_gmt":"2022-06-29T03:42:32","guid":{"rendered":"https:\/\/brettyshine.com\/?post_type=product&#038;p=689"},"modified":"2023-07-17T19:15:50","modified_gmt":"2023-07-17T17:15:50","slug":"colle-dentelle","status":"publish","type":"product","link":"https:\/\/brettyshine.com\/?product=colle-dentelle","title":{"rendered":"Colle dentelle"},"content":{"rendered":"<p>Cette colle \u00e0 tuile extr\u00eamement r\u00e9sistante est formul\u00e9e pour une longue et forte tenue, tout en \u00e9tant\u00a0 douce pour la peau. Facile \u00e0 nettoyer, vous n&rsquo;avez pas \u00e0 vous\u00a0 sourcier du glissement de vos laces (dentelle ou soie), de la transpiration ou de l&rsquo;eau.<\/p>\n","protected":false},"excerpt":{"rendered":"<p>Cette colle \u00e0 tuile extr\u00eamement r\u00e9sistante est formul\u00e9e pour une longue et forte tenue, tout en \u00e9tant\u00a0 douce pour la peau. Facile \u00e0 nettoyer, vous n&rsquo;avez pas \u00e0 vous\u00a0 sourcier du glissement de vos laces (dentelle ou soie), de la transpiration ou de l&rsquo;eau.<\/p>\n","protected":false},"featured_media":319,"comment_status":"open","ping_status":"closed","template":"","meta":{"om_disable_all_campaigns":false,"_monsterinsights_skip_tracking":false,"_monsterinsights_sitenote_active":false,"_monsterinsights_sitenote_note":"","_monsterinsights_sitenote_category":0,"site-sidebar-layout":"default","site-content-layout":"default","ast-global-header-display":"","ast-main-header-display":"","ast-hfb-above-header-display":"","ast-hfb-below-header-display":"","ast-hfb-mobile-header-display":"","site-post-title":"","ast-breadcrumbs-content":"","ast-featured-img":"","footer-sml-layout":"","theme-transparent-header-meta":"default","adv-header-id-meta":"","stick-header-meta":"","header-above-stick-meta":"","header-main-stick-meta":"","header-below-stick-meta":""},"product_cat":[33],"product_tag":[],"class_list":{"0":"post-689","1":"product","2":"type-product","3":"status-publish","4":"has-post-thumbnail","6":"product_cat-kit_installation_perruques","8":"first","9":"instock","10":"shipping-taxable","11":"purchasable","12":"product-type-simple"},"aioseo_notices":[],"_links":{"self":[{"href":"https:\/\/brettyshine.com\/index.php?rest_route=\/wp\/v2\/product\/689","targetHints":{"allow":["GET"]}}],"collection":[{"href":"https:\/\/brettyshine.com\/index.php?rest_route=\/wp\/v2\/product"}],"about":[{"href":"https:\/\/brettyshine.com\/index.php?rest_route=\/wp\/v2\/types\/product"}],"replies":[{"embeddable":true,"href":"https:\/\/brettyshine.com\/index.php?rest_route=%2Fwp%2Fv2%2Fcomments&post=689"}],"wp:featuredmedia":[{"embeddable":true,"href":"https:\/\/brettyshine.com\/index.php?rest_route=\/wp\/v2\/media\/319"}],"wp:attachment":[{"href":"https:\/\/brettyshine.com\/index.php?rest_route=%2Fwp%2Fv2%2Fmedia&parent=689"}],"wp:term":[{"taxonomy":"product_cat","embeddable":true,"href":"https:\/\/brettyshine.com\/index.php?rest_route=%2Fwp%2Fv2%2Fproduct_cat&post=689"},{"taxonomy":"product_tag","embeddable":true,"href":"https:\/\/brettyshine.com\/index.php?rest_route=%2Fwp%2Fv2%2Fproduct_tag&post=689"}],"curies":[{"name":"wp","href":"https:\/\/api.w.org\/{rel}","templated":true}]}}