{"id":691,"date":"2022-06-29T06:44:36","date_gmt":"2022-06-29T04:44:36","guid":{"rendered":"https:\/\/brettyshine.com\/?post_type=product&#038;p=691"},"modified":"2023-07-17T19:14:31","modified_gmt":"2023-07-17T17:14:31","slug":"cils-de-vison-naturels","status":"publish","type":"product","link":"https:\/\/brettyshine.com\/?product=cils-de-vison-naturels","title":{"rendered":"Cils de vison naturels"},"content":{"rendered":"<p>Ensemble de 03 (trois) paires de cils classiques et naturels, 100% mink constitu\u00e9s de v rais poils de vison, uniform\u00e9ment noirs. Application facile, longue tenue, lumi\u00e8re naturelle, pas d&rsquo;agressivit\u00e9\u00a0 et d&rsquo;origine\u00a0 inoffensive \u00e0 la vos yeux. Ils vous procurent de par leur haute qualit\u00e9 une beaut\u00e9 naturelle et confortable comme vos propres cils. kit constitu\u00e9 de 03 paires de cils 3D 100% mink, un applicateur \u00e0 cil et un stylo \u00e0 glue de cil.<\/p>\n","protected":false},"excerpt":{"rendered":"<p>Ensemble de 03 (trois) paires de cils classiques et naturels, 100% mink constitu\u00e9s de v rais poils de vison, uniform\u00e9ment noirs. Application facile, longue tenue, lumi\u00e8re naturelle, pas d&rsquo;agressivit\u00e9\u00a0 et d&rsquo;origine\u00a0 inoffensive \u00e0 la vos yeux. Ils vous procurent de par leur haute qualit\u00e9 une beaut\u00e9 naturelle et confortable comme vos propres cils. kit constitu\u00e9 de 03 paires de cils 3D 100% mink, un applicateur \u00e0 cil et un stylo \u00e0 glue de cil.<\/p>\n","protected":false},"featured_media":37,"comment_status":"open","ping_status":"closed","template":"","meta":{"om_disable_all_campaigns":false,"_monsterinsights_skip_tracking":false,"_monsterinsights_sitenote_active":false,"_monsterinsights_sitenote_note":"","_monsterinsights_sitenote_category":0,"site-sidebar-layout":"default","site-content-layout":"default","ast-global-header-display":"","ast-main-header-display":"","ast-hfb-above-header-display":"","ast-hfb-below-header-display":"","ast-hfb-mobile-header-display":"","site-post-title":"","ast-breadcrumbs-content":"","ast-featured-img":"","footer-sml-layout":"","theme-transparent-header-meta":"default","adv-header-id-meta":"","stick-header-meta":"","header-above-stick-meta":"","header-main-stick-meta":"","header-below-stick-meta":""},"product_cat":[30],"product_tag":[],"class_list":{"0":"post-691","1":"product","2":"type-product","3":"status-publish","4":"has-post-thumbnail","6":"product_cat-cils","8":"first","9":"instock","10":"shipping-taxable","11":"purchasable","12":"product-type-variable"},"aioseo_notices":[],"_links":{"self":[{"href":"https:\/\/brettyshine.com\/index.php?rest_route=\/wp\/v2\/product\/691","targetHints":{"allow":["GET"]}}],"collection":[{"href":"https:\/\/brettyshine.com\/index.php?rest_route=\/wp\/v2\/product"}],"about":[{"href":"https:\/\/brettyshine.com\/index.php?rest_route=\/wp\/v2\/types\/product"}],"replies":[{"embeddable":true,"href":"https:\/\/brettyshine.com\/index.php?rest_route=%2Fwp%2Fv2%2Fcomments&post=691"}],"wp:featuredmedia":[{"embeddable":true,"href":"https:\/\/brettyshine.com\/index.php?rest_route=\/wp\/v2\/media\/37"}],"wp:attachment":[{"href":"https:\/\/brettyshine.com\/index.php?rest_route=%2Fwp%2Fv2%2Fmedia&parent=691"}],"wp:term":[{"taxonomy":"product_cat","embeddable":true,"href":"https:\/\/brettyshine.com\/index.php?rest_route=%2Fwp%2Fv2%2Fproduct_cat&post=691"},{"taxonomy":"product_tag","embeddable":true,"href":"https:\/\/brettyshine.com\/index.php?rest_route=%2Fwp%2Fv2%2Fproduct_tag&post=691"}],"curies":[{"name":"wp","href":"https:\/\/api.w.org\/{rel}","templated":true}]}}