{"id":806,"date":"2022-07-01T01:07:07","date_gmt":"2022-06-30T23:07:07","guid":{"rendered":"https:\/\/brettyshine.com\/?post_type=product&#038;p=806"},"modified":"2024-12-12T07:39:24","modified_gmt":"2024-12-12T06:39:24","slug":"kit-de-rouge-a-levres-avec-crayon","status":"publish","type":"product","link":"https:\/\/brettyshine.com\/?product=kit-de-rouge-a-levres-avec-crayon","title":{"rendered":"Kit de rouge \u00e0 l\u00e8vres avec crayon"},"content":{"rendered":"<p>Rouge \u00e0 l\u00e8vres mattes assortis de crayon \u00e0 contour de l\u00e8vres. Hydratants,nourrissants et raffermissants, effet longue tenue.<\/p>\n","protected":false},"excerpt":{"rendered":"<p>Rouge \u00e0 l\u00e8vres mattes assortis de crayon \u00e0 contour de l\u00e8vres. Hydratants,nourrissants et raffermissants, effet longue tenue.<\/p>\n","protected":false},"featured_media":303,"comment_status":"open","ping_status":"closed","template":"","meta":{"om_disable_all_campaigns":false,"_monsterinsights_skip_tracking":false,"_monsterinsights_sitenote_active":false,"_monsterinsights_sitenote_note":"","_monsterinsights_sitenote_category":0,"site-sidebar-layout":"default","site-content-layout":"default","ast-global-header-display":"","ast-main-header-display":"","ast-hfb-above-header-display":"","ast-hfb-below-header-display":"","ast-hfb-mobile-header-display":"","site-post-title":"","ast-breadcrumbs-content":"","ast-featured-img":"","footer-sml-layout":"","theme-transparent-header-meta":"default","adv-header-id-meta":"","stick-header-meta":"","header-above-stick-meta":"","header-main-stick-meta":"","header-below-stick-meta":""},"product_cat":[34],"product_tag":[],"class_list":{"0":"post-806","1":"product","2":"type-product","3":"status-publish","4":"has-post-thumbnail","6":"product_cat-produits_maquillage","8":"first","9":"instock","10":"shipping-taxable","11":"purchasable","12":"product-type-variable"},"aioseo_notices":[],"_links":{"self":[{"href":"https:\/\/brettyshine.com\/index.php?rest_route=\/wp\/v2\/product\/806","targetHints":{"allow":["GET"]}}],"collection":[{"href":"https:\/\/brettyshine.com\/index.php?rest_route=\/wp\/v2\/product"}],"about":[{"href":"https:\/\/brettyshine.com\/index.php?rest_route=\/wp\/v2\/types\/product"}],"replies":[{"embeddable":true,"href":"https:\/\/brettyshine.com\/index.php?rest_route=%2Fwp%2Fv2%2Fcomments&post=806"}],"wp:featuredmedia":[{"embeddable":true,"href":"https:\/\/brettyshine.com\/index.php?rest_route=\/wp\/v2\/media\/303"}],"wp:attachment":[{"href":"https:\/\/brettyshine.com\/index.php?rest_route=%2Fwp%2Fv2%2Fmedia&parent=806"}],"wp:term":[{"taxonomy":"product_cat","embeddable":true,"href":"https:\/\/brettyshine.com\/index.php?rest_route=%2Fwp%2Fv2%2Fproduct_cat&post=806"},{"taxonomy":"product_tag","embeddable":true,"href":"https:\/\/brettyshine.com\/index.php?rest_route=%2Fwp%2Fv2%2Fproduct_tag&post=806"}],"curies":[{"name":"wp","href":"https:\/\/api.w.org\/{rel}","templated":true}]}}